{"id":929,"date":"2017-03-22T15:12:47","date_gmt":"2017-03-22T15:12:47","guid":{"rendered":"http:\/\/kaischonrath.com\/?page_id=929"},"modified":"2023-10-17T08:30:35","modified_gmt":"2023-10-17T08:30:35","slug":"impressum","status":"publish","type":"page","link":"https:\/\/kaischonrath.com\/?page_id=929","title":{"rendered":"impressum"},"content":{"rendered":"<p>Impressum und erforderliche Angaben gem\u00e4\u00df \u00a7 5 Telemediengesetz (TMG)<\/p>\n<p>Kai Schonrath\u00a0betreibt seine gesch\u00e4ftliche T\u00e4tigkeit an den nachstehend genannten Anschriften jeweils in vollem Umfang, wirtschaftlich, rechtlich und tats\u00e4chlich selbst\u00e4ndig. Die Anschrifte lautet dabei wie folgt:<\/p>\n<p>Kai Schonrath<br \/>\nmail@kaischonrath.com<\/p>\n<p>Umsatzsteueridentifikationsnummer gem\u00e4\u00df \u00a7 27 a UStG:<br \/>\n<span class=\"s1\">DE292560299<\/span><\/p>\n<p>Verantwortlichkeit im Sinne des \u00a7 6 Abs. 2 TMG:<br \/>\nF\u00fcr den redaktionellen Inhalt des Internetauftritts www.kaischonrath.com ist verantwortlich Herr Kai Schonrath, unter zuvor genannter Anschrift zu erreichen.<\/p>\n<p><span style=\"text-decoration: underline;\">Disclaimer<br \/>\n<\/span>Haftung f\u00fcr Inhalte<\/p>\n<p>Die Inhalte dieser Website wurden mit gr\u00f6\u00dftm\u00f6glicher Sorgfalt erstellt. F\u00fcr die Richtigkeit, Vollst\u00e4ndigkeit und Aktualit\u00e4t der bereitgestellten Inhalte k\u00f6nnen wir jedoch keine Gew\u00e4hr \u00fcbernehmen.<br \/>\nAls Inhaltsanbieter nach \u00a7 7 Abs. 1 Telemediengesetz sind wir f\u00fcr eigene Inhalte auf dieser Website nach den allgemeinen Gesetzen verantwortlich. Gem\u00e4\u00df \u00a7\u00a7 8-10 Telemediengesetz sind wir jedoch nicht verpflichtet, \u00fcbermittelte oder gespeicherte fremde Informationen zu \u00fcberwachen oder nach Umst\u00e4nden zu forschen, die auf eine rechtswidrige T\u00e4tigkeit hinweisen. Verpflichtungen zur Entfernung oder Sperrung der Nutzung von Informationen nach den allgemeinen Gesetzen bleiben hiervon unber\u00fchrt. Eine solche Haftung ist jedoch erst ab dem Zeitpunkt der Kenntnis einer konkreten Rechtsverletzung m\u00f6glich. Bei Bekanntwerden von entsprechenden Rechtsverletzungen werden wir diese Inhalte umgehend entfernen.<\/p>\n<p>Haftung f\u00fcr Links<br \/>\nUnser Angebot enth\u00e4lt Querverweise (\u201eLinks\u201c) zu externen Websiten Dritter, auf deren Inhalte wir keinen Einfluss haben. F\u00fcr fremde Inhalte k\u00f6nnen wir daher auch keine Gew\u00e4hr \u00fcbernehmen. F\u00fcr die Inhalte der verlinkten Seite ist vielmehr stets der jeweilige Anbieter oder Betreiber der Seiten verantwortlich. Zwar haben wir den fremden Inhalt bei der ersten Verkn\u00fcpfung daraufhin \u00fcberpr\u00fcft, ob durch ihn eine m\u00f6gliche zivilrechtliche oder strafrechtliche Verantwortlichkeit ausgel\u00f6st wird. Wir sind allerdings nicht in der Lage,die Inhalte, auf die in unserem Angebot verwiesen wird, st\u00e4ndig auf Ver\u00e4nderungen, die eine Verantwortlichkeit neu begr\u00fcnden k\u00f6nnen, zu \u00fcberpr\u00fcfen. Wenn wir feststellen oder von anderen darauf hingewiesen werden, dass ein konkretes Angebot, zu dem auf dieser Website ein Link bereitgestellt wird, eine zivil- oder strafrechtliche Verantwortlichkeit ausl\u00f6st, werden wir den Verweis auf dieses Angebot umgehend entfernen.<\/p>\n<p>Urheberrecht<br \/>\nAlle Inhalte und Strukturen dieser Website unterliegen dem Deutschen Urheberrecht und sind urheber- und leistungsschutzrechtlich gesch\u00fctzt. Die Ver\u00f6ffentlichung im World Wide Web oder in sonstigen Diensten des Internet bedeutet noch keine Einverst\u00e4ndniserkl\u00e4rung f\u00fcr eine anderweitige Nutzung durch Dritte. Die Vervielf\u00e4ltigung, Bearbeitung, Verbreitung und jede vom Deutschen Urheberrecht nicht zugelassene Verwertung bedarf der vorherigen schriftlichen Zustimmung des jeweiligen Autors bzw. Erstellers. Downloads und Kopien dieser Seite sind nur f\u00fcr den privaten, nicht kommerziellen Gebrauch gestattet. Soweit die Inhalte auf dieser Seite nicht vom Betreiber erstellt wurden, werden die Urheberrechte Dritter beachtet. Insbesondere werden Inhalte Dritter als solche gekennzeichnet. Sollten Sie trotzdem auf eine Urheberrechtsverletzung aufmerksam werden, bitten wir um einen entsprechenden Hinweis. Bei Bekanntwerden von Rechtsverletzungen werden wir derartige Inhalte umgehend entfernen.<\/p>\n<p>Datenschutz<br \/>\nDie Nutzung dieser Website ist in der Regel ohne Angabe personenbezogener Daten m\u00f6glich. Soweit auf unseren Seiten personenbezogene Daten erhoben werden, erfolgt dies auf freiwilliger Basis. Diese Daten werden ohne ausdr\u00fcckliche Zustimmung nicht an Dritte weitergegeben.<\/p>\n<p>Wir weisen darauf hin, dass jedwede Daten\u00fcbertragung im Internet Sicherheitsl\u00fccken aufweisen kann. Ein l\u00fcckenloser Schutz der Daten vor dem Zugriff durch Dritte ist daher nicht m\u00f6glich.<\/p>\n<p>Diese Website benutzt Google Analytics, einen Webanalysedienst der Google Inc. (\u201eGoogle\u201c). Google Analytics verwendet sog. \u201eCookies\u201c, Textdateien, die auf Ihrem Computer gespeichert werden und die eine Analyse der Benutzung der Website durch Sie erm\u00f6glichen. Die durch das Cookie erzeugten Informationen \u00fcber Ihre Benutzung dieser Website werden in der Regel an einen Server von Google in den USA \u00fcbertragen und dort gespeichert. Im Falle der Aktivierung der IP-Anonymisierung auf dieser Website, wird Ihre IP-Adresse von Google jedoch innerhalb von Mitgliedstaaten der Europ\u00e4ischen Union oder in anderen Vertragsstaaten des Abkommens \u00fcber den Europ\u00e4ischen Wirtschaftsraum zuvor gek\u00fcrzt. Nur in Ausnahmef\u00e4llen wird die volle IP-Adresse an einen Server von Google in den USA \u00fcbertragen und dort gek\u00fcrzt. Im Auftrag des Betreibers dieser Website wird Google diese Informationen benutzen, um Ihre Nutzung der Website auszuwerten, um Reports \u00fcber die Websiteaktivit\u00e4ten zusammenzustellen und um weitere mit der Websitenutzung und der Internetnutzung verbundene Dienstleistungen gegen\u00fcber dem Websitebetreiber zu erbringen. Die im Rahmen von Google Analytics von Ihrem Browser \u00fcbermittelte IP-Adresse wird nicht mit anderen Daten von Google zusammengef\u00fchrt. Sie k\u00f6nnen die Speicherung der Cookies durch eine entsprechende Einstellung Ihrer Browser-Software verhindern; wir weisen Sie jedoch darauf hin, dass Sie in diesem Fall gegebenenfalls nicht s\u00e4mtliche Funktionen dieser Website vollumf\u00e4nglich werden nutzen k\u00f6nnen. Sie k\u00f6nnen dar\u00fcber hinaus die Erfassung der durch das Cookie erzeugten und auf Ihre Nutzung der Website bezogenen Daten (inkl. Ihrer IP-Adresse) an Google sowie die Verarbeitung dieser Daten durch Google verhindern, indem Sie das unter dem folgenden Link (http:\/\/tools.google.com\/dlpage\/gaoptout?hl=de) verf\u00fcgbare Browser-Plugin herunterladen und installieren.<\/p>\n<p>Sie k\u00f6nnen die Erfassung durch Google Analytics verhindern, indem Sie auf folgenden Link klicken. Es wird ein Opt-Out-Cookie gesetzt, das die zuk\u00fcnftige Erfassung Ihrer Daten beim Besuch dieser Website verhindert: Google Analytics deaktivieren.<\/p>\n<p>N\u00e4here Informationen zu Nutzungsbedingungen und Datenschutz finden Sie unter http:\/\/www.google.com\/analytics\/terms\/de.html bzw. unter https:\/\/www.google.de\/intl\/de\/policies\/. Wir weisen Sie darauf hin, dass auf dieser Website Google Analytics um den Code \u201eanonymizeIp\u201c erweitert wurde, um eine anonymisierte Erfassung von IP-Adressen (sog. IP-Masking) zu gew\u00e4hrleisten.<\/p>\n<p>Der Nutzung von im Rahmen der Impressumspflicht ver\u00f6ffentlichten Kontaktdaten durch Dritte zur \u00dcbersendung von nicht ausdr\u00fccklich angeforderter Werbung und Informationsmaterial wird ausdr\u00fccklich widersprochen. Wir behalten uns rechtliche Schritte im Falle der unverlangten Zusendung von Werbeinformationen ausdr\u00fccklich vor.<\/p>\n","protected":false},"excerpt":{"rendered":"<p>Impressum und erforderliche Angaben gem\u00e4\u00df \u00a7 5 Telemediengesetz (TMG) Kai Schonrath\u00a0betreibt seine gesch\u00e4ftliche T\u00e4tigkeit an den nachstehend genannten Anschriften jeweils in vollem Umfang, wirtschaftlich, rechtlich und tats\u00e4chlich selbst\u00e4ndig. Die Anschrifte lautet dabei wie folgt: Kai Schonrath mail@kaischonrath.com Umsatzsteueridentifikationsnummer gem\u00e4\u00df \u00a7 27 a UStG: DE292560299 Verantwortlichkeit im Sinne des \u00a7 6 Abs. 2 TMG: F\u00fcr den [&hellip;]<\/p>\n","protected":false},"author":1,"featured_media":0,"parent":0,"menu_order":0,"comment_status":"closed","ping_status":"closed","template":"","meta":{"footnotes":""},"class_list":["post-929","page","type-page","status-publish","hentry"],"_links":{"self":[{"href":"https:\/\/kaischonrath.com\/index.php?rest_route=\/wp\/v2\/pages\/929","targetHints":{"allow":["GET"]}}],"collection":[{"href":"https:\/\/kaischonrath.com\/index.php?rest_route=\/wp\/v2\/pages"}],"about":[{"href":"https:\/\/kaischonrath.com\/index.php?rest_route=\/wp\/v2\/types\/page"}],"author":[{"embeddable":true,"href":"https:\/\/kaischonrath.com\/index.php?rest_route=\/wp\/v2\/users\/1"}],"replies":[{"embeddable":true,"href":"https:\/\/kaischonrath.com\/index.php?rest_route=%2Fwp%2Fv2%2Fcomments&post=929"}],"version-history":[{"count":3,"href":"https:\/\/kaischonrath.com\/index.php?rest_route=\/wp\/v2\/pages\/929\/revisions"}],"predecessor-version":[{"id":1270,"href":"https:\/\/kaischonrath.com\/index.php?rest_route=\/wp\/v2\/pages\/929\/revisions\/1270"}],"wp:attachment":[{"href":"https:\/\/kaischonrath.com\/index.php?rest_route=%2Fwp%2Fv2%2Fmedia&parent=929"}],"curies":[{"name":"wp","href":"https:\/\/api.w.org\/{rel}","templated":true}]}}